{"id":3,"date":"2021-06-05T08:57:26","date_gmt":"2021-06-05T08:57:26","guid":{"rendered":"http:\/\/keyusertraining.com\/?page_id=3"},"modified":"2026-01-15T15:05:32","modified_gmt":"2026-01-15T14:05:32","slug":"privacidad","status":"publish","type":"page","link":"https:\/\/keyusertraining.com\/es\/confidentialite\/","title":{"rendered":"Pol\u00edtica de privacidad"},"content":{"rendered":"\n<h1 class=\"wp-block-heading\">Politique de confidentialit\u00e9<\/h1>\n\n\n\n<p>Derni\u00e8re mise \u00e0 jour : 25\/02\/2025<\/p>\n\n\n\n<p>Bienvenue sur le site de Key User Training, votre partenaire de confiance pour la formation digitale dans le domaine de SAP. Nous accordons une grande importance \u00e0 la protection de vos donn\u00e9es personnelles et nous nous engageons \u00e0 respecter votre vie priv\u00e9e. Cette politique de confidentialit\u00e9 explique comment nous collectons, utilisons, partageons et prot\u00e9geons vos informations personnelles lorsque vous utilisez notre site internet.<\/p>\n\n\n<style>.wp-block-kadence-advancedheading.kt-adv-heading3_8eb990-28, .wp-block-kadence-advancedheading.kt-adv-heading3_8eb990-28[data-kb-block=\"kb-adv-heading3_8eb990-28\"]{font-style:normal;}.wp-block-kadence-advancedheading.kt-adv-heading3_8eb990-28 mark.kt-highlight, .wp-block-kadence-advancedheading.kt-adv-heading3_8eb990-28[data-kb-block=\"kb-adv-heading3_8eb990-28\"] mark.kt-highlight{font-style:normal;color:#f76a0c;-webkit-box-decoration-break:clone;box-decoration-break:clone;padding-top:0px;padding-right:0px;padding-bottom:0px;padding-left:0px;}.wp-block-kadence-advancedheading.kt-adv-heading3_8eb990-28 img.kb-inline-image, .wp-block-kadence-advancedheading.kt-adv-heading3_8eb990-28[data-kb-block=\"kb-adv-heading3_8eb990-28\"] img.kb-inline-image{width:150px;vertical-align:baseline;}<\/style>\n<h2 class=\"kt-adv-heading3_8eb990-28 wp-block-kadence-advancedheading\" data-kb-block=\"kb-adv-heading3_8eb990-28\">Collecte des donn\u00e9es personnelles<\/h2>\n\n\n\n<p>Nous collectons diff\u00e9rentes cat\u00e9gories de donn\u00e9es personnelles afin de vous fournir les meilleurs services possibles. Les types de donn\u00e9es que nous collectons incluent :<\/p>\n\n\n\n<ul class=\"wp-block-list\">\n<li><strong>Informations d&rsquo;identification<\/strong>&nbsp;: nom, pr\u00e9nom, adresse e-mail, num\u00e9ro de t\u00e9l\u00e9phone.<\/li>\n\n\n\n<li><strong>Informations professionnelles<\/strong>&nbsp;: poste, entreprise, secteur d&rsquo;activit\u00e9.<\/li>\n\n\n\n<li><strong>Donn\u00e9es de connexion<\/strong>&nbsp;: adresse IP, type de navigateur, syst\u00e8me d&rsquo;exploitation, pages visit\u00e9es, dur\u00e9e de la visite.<\/li>\n\n\n\n<li><strong>Donn\u00e9es de localisation<\/strong>&nbsp;: localisation g\u00e9ographique approximative bas\u00e9e sur votre adresse IP.<\/li>\n\n\n\n<li><strong>Informations de paiement<\/strong>&nbsp;: d\u00e9tails de la carte de cr\u00e9dit ou autres informations de paiement (lorsque vous effectuez des achats sur notre site).<\/li>\n<\/ul>\n\n\n\n<p>Nous collectons ces donn\u00e9es de diff\u00e9rentes mani\u00e8res, notamment :<\/p>\n\n\n\n<ul class=\"wp-block-list\">\n<li><strong>Formulaires en ligne<\/strong>&nbsp;: lorsque vous remplissez des formulaires sur notre site (inscription \u00e0 une formation, demande de contact, etc.).<\/li>\n\n\n\n<li><strong>Cookies et technologies similaires<\/strong>&nbsp;: lorsque vous naviguez sur notre site, nous utilisons des cookies pour am\u00e9liorer votre exp\u00e9rience utilisateur et collecter des informations sur votre utilisation du site.<\/li>\n\n\n\n<li><strong>Interactions directes<\/strong>&nbsp;: lorsque vous nous contactez par e-mail, t\u00e9l\u00e9phone ou tout autre moyen de communication.<\/li>\n<\/ul>\n\n\n\n<p>Ces informations nous permettent de mieux comprendre vos besoins et de personnaliser nos services en cons\u00e9quence.<\/p>\n\n\n<style>.wp-block-kadence-advancedheading.kt-adv-heading3_d95e05-4b, .wp-block-kadence-advancedheading.kt-adv-heading3_d95e05-4b[data-kb-block=\"kb-adv-heading3_d95e05-4b\"]{font-style:normal;}.wp-block-kadence-advancedheading.kt-adv-heading3_d95e05-4b mark.kt-highlight, .wp-block-kadence-advancedheading.kt-adv-heading3_d95e05-4b[data-kb-block=\"kb-adv-heading3_d95e05-4b\"] mark.kt-highlight{font-style:normal;color:#f76a0c;-webkit-box-decoration-break:clone;box-decoration-break:clone;padding-top:0px;padding-right:0px;padding-bottom:0px;padding-left:0px;}.wp-block-kadence-advancedheading.kt-adv-heading3_d95e05-4b img.kb-inline-image, .wp-block-kadence-advancedheading.kt-adv-heading3_d95e05-4b[data-kb-block=\"kb-adv-heading3_d95e05-4b\"] img.kb-inline-image{width:150px;vertical-align:baseline;}<\/style>\n<h2 class=\"kt-adv-heading3_d95e05-4b wp-block-kadence-advancedheading\" data-kb-block=\"kb-adv-heading3_d95e05-4b\">Utilisation des donn\u00e9es personnelles<\/h2>\n\n\n\n<p>Nous utilisons les donn\u00e9es personnelles collect\u00e9es pour diverses finalit\u00e9s, notamment :<\/p>\n\n\n\n<ul class=\"wp-block-list\">\n<li><strong>Fournir et am\u00e9liorer nos services<\/strong>&nbsp;: Utiliser vos informations pour traiter vos demandes, g\u00e9rer vos inscriptions aux formations, et am\u00e9liorer la qualit\u00e9 de nos services.<\/li>\n\n\n\n<li><strong>Communication<\/strong>&nbsp;: Vous envoyer des informations importantes concernant nos services, telles que des mises \u00e0 jour, des notifications de maintenance, et des r\u00e9ponses \u00e0 vos demandes.<\/li>\n\n\n\n<li><strong>Marketing<\/strong>&nbsp;: Vous envoyer des newsletters, des offres sp\u00e9ciales et des informations sur nos nouveaux services, sous r\u00e9serve de votre consentement pr\u00e9alable.<\/li>\n\n\n\n<li><strong>Analyse et recherche<\/strong>&nbsp;: Analyser l&rsquo;utilisation de notre site pour mieux comprendre les comportements des utilisateurs et am\u00e9liorer nos services.<\/li>\n\n\n\n<li><strong>S\u00e9curit\u00e9<\/strong>&nbsp;: Assurer la s\u00e9curit\u00e9 de notre site et pr\u00e9venir les fraudes et autres activit\u00e9s malveillantes.<\/li>\n<\/ul>\n\n\n<style>.wp-block-kadence-advancedheading.kt-adv-heading3_859ecf-f6, .wp-block-kadence-advancedheading.kt-adv-heading3_859ecf-f6[data-kb-block=\"kb-adv-heading3_859ecf-f6\"]{font-style:normal;}.wp-block-kadence-advancedheading.kt-adv-heading3_859ecf-f6 mark.kt-highlight, .wp-block-kadence-advancedheading.kt-adv-heading3_859ecf-f6[data-kb-block=\"kb-adv-heading3_859ecf-f6\"] mark.kt-highlight{font-style:normal;color:#f76a0c;-webkit-box-decoration-break:clone;box-decoration-break:clone;padding-top:0px;padding-right:0px;padding-bottom:0px;padding-left:0px;}.wp-block-kadence-advancedheading.kt-adv-heading3_859ecf-f6 img.kb-inline-image, .wp-block-kadence-advancedheading.kt-adv-heading3_859ecf-f6[data-kb-block=\"kb-adv-heading3_859ecf-f6\"] img.kb-inline-image{width:150px;vertical-align:baseline;}<\/style>\n<h2 class=\"kt-adv-heading3_859ecf-f6 wp-block-kadence-advancedheading\" data-kb-block=\"kb-adv-heading3_859ecf-f6\">Partage des donn\u00e9es personnelles<\/h2>\n\n\n\n<p>Nous pouvons partager vos donn\u00e9es personnelles avec des tiers dans les circonstances suivantes :<\/p>\n\n\n\n<ul class=\"wp-block-list\">\n<li><strong>Prestataires de services<\/strong>&nbsp;: Nous faisons appel \u00e0 des prestataires de services tiers pour nous aider \u00e0 exploiter notre site et fournir nos services (par exemple, services d&rsquo;h\u00e9bergement, de paiement, d&rsquo;analyse). Ces prestataires ont acc\u00e8s \u00e0 vos donn\u00e9es personnelles uniquement pour effectuer ces t\u00e2ches en notre nom et sont tenus de ne pas les divulguer ou les utiliser \u00e0 d&rsquo;autres fins.<\/li>\n\n\n\n<li><strong>Obligations l\u00e9gales<\/strong>&nbsp;: Nous pouvons divulguer vos donn\u00e9es personnelles si la loi l&rsquo;exige ou si nous croyons de bonne foi qu&rsquo;une telle action est n\u00e9cessaire pour se conformer \u00e0 une obligation l\u00e9gale, prot\u00e9ger nos droits ou ceux de tiers, ou assurer la s\u00e9curit\u00e9 de nos utilisateurs.<\/li>\n\n\n\n<li><strong>Transactions commerciales<\/strong>&nbsp;: En cas de fusion, acquisition ou vente de tout ou partie de nos actifs, vos donn\u00e9es personnelles peuvent \u00eatre transf\u00e9r\u00e9es \u00e0 l&rsquo;entit\u00e9 acqu\u00e9reuse dans le cadre de la transaction.<\/li>\n<\/ul>\n\n\n\n<p>Nous nous engageons \u00e0 ne pas vendre, louer ou \u00e9changer vos donn\u00e9es personnelles avec des tiers \u00e0 des fins de marketing sans votre consentement explicite.<\/p>\n\n\n<style>.wp-block-kadence-advancedheading.kt-adv-heading3_2959cf-43, .wp-block-kadence-advancedheading.kt-adv-heading3_2959cf-43[data-kb-block=\"kb-adv-heading3_2959cf-43\"]{font-style:normal;}.wp-block-kadence-advancedheading.kt-adv-heading3_2959cf-43 mark.kt-highlight, .wp-block-kadence-advancedheading.kt-adv-heading3_2959cf-43[data-kb-block=\"kb-adv-heading3_2959cf-43\"] mark.kt-highlight{font-style:normal;color:#f76a0c;-webkit-box-decoration-break:clone;box-decoration-break:clone;padding-top:0px;padding-right:0px;padding-bottom:0px;padding-left:0px;}.wp-block-kadence-advancedheading.kt-adv-heading3_2959cf-43 img.kb-inline-image, .wp-block-kadence-advancedheading.kt-adv-heading3_2959cf-43[data-kb-block=\"kb-adv-heading3_2959cf-43\"] img.kb-inline-image{width:150px;vertical-align:baseline;}<\/style>\n<h2 class=\"kt-adv-heading3_2959cf-43 wp-block-kadence-advancedheading\" data-kb-block=\"kb-adv-heading3_2959cf-43\">Droits des utilisateurs<\/h2>\n\n\n\n<p>Conform\u00e9ment au RGPD et \u00e0 la loi luxembourgeoise, vous disposez de plusieurs droits concernant vos donn\u00e9es personnelles :<\/p>\n\n\n\n<ul class=\"wp-block-list\">\n<li><strong>Droit d&rsquo;acc\u00e8s<\/strong>&nbsp;: Vous avez le droit de demander l&rsquo;acc\u00e8s aux donn\u00e9es personnelles que nous d\u00e9tenons \u00e0 votre sujet et d&rsquo;obtenir des informations sur la mani\u00e8re dont nous les utilisons.<\/li>\n\n\n\n<li><strong>Droit de rectification<\/strong>&nbsp;: Vous pouvez demander la correction de toute donn\u00e9e personnelle inexacte ou incompl\u00e8te.<\/li>\n\n\n\n<li><strong>Droit \u00e0 l&rsquo;effacement<\/strong>&nbsp;: Vous avez le droit de demander la suppression de vos donn\u00e9es personnelles dans certaines circonstances, par exemple si elles ne sont plus n\u00e9cessaires aux fins pour lesquelles elles ont \u00e9t\u00e9 collect\u00e9es.<\/li>\n\n\n\n<li><strong>Droit \u00e0 la limitation du traitement<\/strong>&nbsp;: Vous pouvez demander la limitation du traitement de vos donn\u00e9es personnelles dans certaines situations, par exemple si vous contestez l&rsquo;exactitude des donn\u00e9es.<\/li>\n\n\n\n<li><strong>Droit \u00e0 la portabilit\u00e9 des donn\u00e9es<\/strong>&nbsp;: Vous avez le droit de recevoir vos donn\u00e9es personnelles dans un format structur\u00e9, couramment utilis\u00e9 et lisible par machine, et de les transmettre \u00e0 un autre responsable du traitement.<\/li>\n\n\n\n<li><strong>Droit d&rsquo;opposition<\/strong>&nbsp;: Vous pouvez vous opposer au traitement de vos donn\u00e9es personnelles pour des motifs l\u00e9gitimes, y compris le profilage \u00e0 des fins de marketing direct.<\/li>\n\n\n\n<li><strong>Droit de retirer votre consentement<\/strong>&nbsp;: Si le traitement de vos donn\u00e9es personnelles est bas\u00e9 sur votre consentement, vous avez le droit de retirer ce consentement \u00e0 tout moment.<\/li>\n<\/ul>\n\n\n\n<p>Pour exercer ces droits, veuillez nous contacter \u00e0 l&rsquo;adresse suivante : info@keyusertraining.com. Nous r\u00e9pondrons \u00e0 votre demande dans les meilleurs d\u00e9lais et conform\u00e9ment aux exigences l\u00e9gales.<\/p>\n\n\n<style>.wp-block-kadence-advancedheading.kt-adv-heading3_567049-c7, .wp-block-kadence-advancedheading.kt-adv-heading3_567049-c7[data-kb-block=\"kb-adv-heading3_567049-c7\"]{font-style:normal;}.wp-block-kadence-advancedheading.kt-adv-heading3_567049-c7 mark.kt-highlight, .wp-block-kadence-advancedheading.kt-adv-heading3_567049-c7[data-kb-block=\"kb-adv-heading3_567049-c7\"] mark.kt-highlight{font-style:normal;color:#f76a0c;-webkit-box-decoration-break:clone;box-decoration-break:clone;padding-top:0px;padding-right:0px;padding-bottom:0px;padding-left:0px;}.wp-block-kadence-advancedheading.kt-adv-heading3_567049-c7 img.kb-inline-image, .wp-block-kadence-advancedheading.kt-adv-heading3_567049-c7[data-kb-block=\"kb-adv-heading3_567049-c7\"] img.kb-inline-image{width:150px;vertical-align:baseline;}<\/style>\n<h2 class=\"kt-adv-heading3_567049-c7 wp-block-kadence-advancedheading\" data-kb-block=\"kb-adv-heading3_567049-c7\">Cookies et technologies de suivi<\/h2>\n\n\n\n<p>Nous utilisons des cookies et d&rsquo;autres technologies de suivi pour am\u00e9liorer votre exp\u00e9rience sur notre site et pour collecter des informations sur la mani\u00e8re dont vous interagissez avec notre contenu. Les cookies sont de petits fichiers texte qui sont plac\u00e9s sur votre appareil lorsque vous visitez notre site.<\/p>\n\n\n\n<ul class=\"wp-block-list\">\n<li><strong>Types de cookies utilis\u00e9s<\/strong>&nbsp;:\n<ul class=\"wp-block-list\">\n<li><strong>Cookies essentiels<\/strong>&nbsp;: Ces cookies sont n\u00e9cessaires au fonctionnement du site et ne peuvent pas \u00eatre d\u00e9sactiv\u00e9s dans nos syst\u00e8mes.<\/li>\n\n\n\n<li><strong>Cookies de performance<\/strong>&nbsp;: Ces cookies nous permettent de mesurer et d&rsquo;am\u00e9liorer les performances de notre site en collectant des informations sur la mani\u00e8re dont les visiteurs utilisent le site.<\/li>\n\n\n\n<li><strong>Cookies de fonctionnalit\u00e9<\/strong>&nbsp;: Ces cookies permettent de se souvenir des choix que vous faites (comme votre nom d&rsquo;utilisateur, votre langue ou la r\u00e9gion dans laquelle vous vous trouvez) et de fournir des fonctionnalit\u00e9s am\u00e9lior\u00e9es et plus personnalis\u00e9es.<\/li>\n\n\n\n<li><strong>Cookies de ciblage\/publicit\u00e9<\/strong>&nbsp;: Ces cookies sont utilis\u00e9s pour afficher des publicit\u00e9s pertinentes pour vous et vos int\u00e9r\u00eats. Ils peuvent \u00e9galement \u00eatre utilis\u00e9s pour limiter le nombre de fois que vous voyez une publicit\u00e9 et pour mesurer l&rsquo;efficacit\u00e9 des campagnes publicitaires.<\/li>\n<\/ul>\n<\/li>\n\n\n\n<li><strong>Gestion des pr\u00e9f\u00e9rences des cookies<\/strong>&nbsp;: Vous pouvez g\u00e9rer vos pr\u00e9f\u00e9rences en mati\u00e8re de cookies via les param\u00e8tres de votre navigateur. Vous pouvez choisir de bloquer ou de supprimer certains cookies, mais cela peut affecter votre exp\u00e9rience utilisateur et certaines fonctionnalit\u00e9s de notre site peuvent ne pas fonctionner correctement.<\/li>\n<\/ul>\n\n\n<style>.wp-block-kadence-advancedheading.kt-adv-heading3_293a48-2e, .wp-block-kadence-advancedheading.kt-adv-heading3_293a48-2e[data-kb-block=\"kb-adv-heading3_293a48-2e\"]{font-style:normal;}.wp-block-kadence-advancedheading.kt-adv-heading3_293a48-2e mark.kt-highlight, .wp-block-kadence-advancedheading.kt-adv-heading3_293a48-2e[data-kb-block=\"kb-adv-heading3_293a48-2e\"] mark.kt-highlight{font-style:normal;color:#f76a0c;-webkit-box-decoration-break:clone;box-decoration-break:clone;padding-top:0px;padding-right:0px;padding-bottom:0px;padding-left:0px;}.wp-block-kadence-advancedheading.kt-adv-heading3_293a48-2e img.kb-inline-image, .wp-block-kadence-advancedheading.kt-adv-heading3_293a48-2e[data-kb-block=\"kb-adv-heading3_293a48-2e\"] img.kb-inline-image{width:150px;vertical-align:baseline;}<\/style>\n<h2 class=\"kt-adv-heading3_293a48-2e wp-block-kadence-advancedheading\" data-kb-block=\"kb-adv-heading3_293a48-2e\">S\u00e9curit\u00e9 des donn\u00e9es<\/h2>\n\n\n\n<p>Nous prenons la s\u00e9curit\u00e9 de vos donn\u00e9es personnelles tr\u00e8s au s\u00e9rieux et mettons en \u0153uvre des mesures techniques et organisationnelles appropri\u00e9es pour les prot\u00e9ger contre les acc\u00e8s non autoris\u00e9s, la divulgation, la modification ou la destruction. Parmi les mesures que nous avons mises en place, on peut citer :<\/p>\n\n\n\n<ul class=\"wp-block-list\">\n<li><strong>Chiffrement des donn\u00e9es<\/strong>&nbsp;: Nous utilisons des protocoles de chiffrement pour prot\u00e9ger les donn\u00e9es sensibles transmises sur notre site.<\/li>\n\n\n\n<li><strong>Contr\u00f4les d&rsquo;acc\u00e8s<\/strong>&nbsp;: Seuls les employ\u00e9s autoris\u00e9s et les prestataires de services ayant besoin d&rsquo;acc\u00e9der \u00e0 vos donn\u00e9es personnelles pour effectuer leur travail y ont acc\u00e8s.<\/li>\n\n\n\n<li><strong>Surveillance et audits<\/strong>&nbsp;: Nous effectuons r\u00e9guli\u00e8rement des audits de s\u00e9curit\u00e9 et surveillons notre syst\u00e8me pour d\u00e9tecter toute activit\u00e9 suspecte.<\/li>\n\n\n\n<li><strong>Formation du personnel<\/strong>&nbsp;: Nos employ\u00e9s sont form\u00e9s aux meilleures pratiques en mati\u00e8re de s\u00e9curit\u00e9 des donn\u00e9es et de protection de la vie priv\u00e9e.<\/li>\n<\/ul>\n\n\n\n<p>Malgr\u00e9 nos efforts pour prot\u00e9ger vos donn\u00e9es personnelles, aucune m\u00e9thode de transmission sur Internet ou de stockage \u00e9lectronique n&rsquo;est totalement s\u00e9curis\u00e9e. Nous ne pouvons donc pas garantir une s\u00e9curit\u00e9 absolue, mais nous nous engageons \u00e0 r\u00e9agir rapidement en cas de violation de donn\u00e9es.<\/p>\n\n\n<style>.wp-block-kadence-advancedheading.kt-adv-heading3_17afb1-9c, .wp-block-kadence-advancedheading.kt-adv-heading3_17afb1-9c[data-kb-block=\"kb-adv-heading3_17afb1-9c\"]{font-style:normal;}.wp-block-kadence-advancedheading.kt-adv-heading3_17afb1-9c mark.kt-highlight, .wp-block-kadence-advancedheading.kt-adv-heading3_17afb1-9c[data-kb-block=\"kb-adv-heading3_17afb1-9c\"] mark.kt-highlight{font-style:normal;color:#f76a0c;-webkit-box-decoration-break:clone;box-decoration-break:clone;padding-top:0px;padding-right:0px;padding-bottom:0px;padding-left:0px;}.wp-block-kadence-advancedheading.kt-adv-heading3_17afb1-9c img.kb-inline-image, .wp-block-kadence-advancedheading.kt-adv-heading3_17afb1-9c[data-kb-block=\"kb-adv-heading3_17afb1-9c\"] img.kb-inline-image{width:150px;vertical-align:baseline;}<\/style>\n<h2 class=\"kt-adv-heading3_17afb1-9c wp-block-kadence-advancedheading\" data-kb-block=\"kb-adv-heading3_17afb1-9c\">Conservation des donn\u00e9es<\/h2>\n\n\n\n<p>Nous conservons vos donn\u00e9es personnelles uniquement pendant la dur\u00e9e n\u00e9cessaire aux fins pour lesquelles elles ont \u00e9t\u00e9 collect\u00e9es, conform\u00e9ment aux exigences l\u00e9gales et r\u00e9glementaires. Les crit\u00e8res que nous utilisons pour d\u00e9terminer les p\u00e9riodes de conservation incluent :<\/p>\n\n\n\n<ul class=\"wp-block-list\">\n<li><strong>Dur\u00e9e de la relation contractuelle<\/strong>&nbsp;: Nous conservons vos donn\u00e9es pendant la dur\u00e9e de notre relation contractuelle et aussi longtemps que n\u00e9cessaire pour fournir nos services.<\/li>\n\n\n\n<li><strong>Obligations l\u00e9gales<\/strong>&nbsp;: Nous conservons vos donn\u00e9es personnelles aussi longtemps que n\u00e9cessaire pour nous conformer \u00e0 nos obligations l\u00e9gales, telles que les exigences fiscales et comptables.<\/li>\n\n\n\n<li><strong>Litiges et enqu\u00eates<\/strong>&nbsp;: Si nous sommes impliqu\u00e9s dans un litige ou une enqu\u00eate, nous pouvons conserver vos donn\u00e9es personnelles jusqu&rsquo;\u00e0 la r\u00e9solution compl\u00e8te de l&rsquo;affaire.<\/li>\n<\/ul>\n\n\n\n<p>Une fois que vos donn\u00e9es personnelles ne sont plus n\u00e9cessaires, nous les supprimons ou les anonymisons de mani\u00e8re s\u00e9curis\u00e9e.<\/p>\n\n\n<style>.wp-block-kadence-advancedheading.kt-adv-heading3_9733e4-67, .wp-block-kadence-advancedheading.kt-adv-heading3_9733e4-67[data-kb-block=\"kb-adv-heading3_9733e4-67\"]{font-style:normal;}.wp-block-kadence-advancedheading.kt-adv-heading3_9733e4-67 mark.kt-highlight, .wp-block-kadence-advancedheading.kt-adv-heading3_9733e4-67[data-kb-block=\"kb-adv-heading3_9733e4-67\"] mark.kt-highlight{font-style:normal;color:#f76a0c;-webkit-box-decoration-break:clone;box-decoration-break:clone;padding-top:0px;padding-right:0px;padding-bottom:0px;padding-left:0px;}.wp-block-kadence-advancedheading.kt-adv-heading3_9733e4-67 img.kb-inline-image, .wp-block-kadence-advancedheading.kt-adv-heading3_9733e4-67[data-kb-block=\"kb-adv-heading3_9733e4-67\"] img.kb-inline-image{width:150px;vertical-align:baseline;}<\/style>\n<h2 class=\"kt-adv-heading3_9733e4-67 wp-block-kadence-advancedheading\" data-kb-block=\"kb-adv-heading3_9733e4-67\">Mises \u00e0 jour de la politique de confidentialit\u00e9<\/h2>\n\n\n\n<p>Nous nous r\u00e9servons le droit de mettre \u00e0 jour cette politique de confidentialit\u00e9 \u00e0 tout moment afin de refl\u00e9ter les changements dans nos pratiques de traitement des donn\u00e9es ou pour se conformer aux nouvelles exigences l\u00e9gales. Lorsque nous apportons des modifications significatives \u00e0 cette politique, nous vous en informerons par le biais d&rsquo;un avis bien visible sur notre site ou par tout autre moyen appropri\u00e9.<\/p>\n\n\n\n<p>Nous vous encourageons \u00e0 consulter r\u00e9guli\u00e8rement cette page pour rester inform\u00e9 des mises \u00e0 jour. La date de la derni\u00e8re mise \u00e0 jour sera indiqu\u00e9e en haut de cette page.<\/p>\n\n\n<style>.wp-block-kadence-advancedheading.kt-adv-heading3_74f320-c2, .wp-block-kadence-advancedheading.kt-adv-heading3_74f320-c2[data-kb-block=\"kb-adv-heading3_74f320-c2\"]{font-style:normal;}.wp-block-kadence-advancedheading.kt-adv-heading3_74f320-c2 mark.kt-highlight, .wp-block-kadence-advancedheading.kt-adv-heading3_74f320-c2[data-kb-block=\"kb-adv-heading3_74f320-c2\"] mark.kt-highlight{font-style:normal;color:#f76a0c;-webkit-box-decoration-break:clone;box-decoration-break:clone;padding-top:0px;padding-right:0px;padding-bottom:0px;padding-left:0px;}.wp-block-kadence-advancedheading.kt-adv-heading3_74f320-c2 img.kb-inline-image, .wp-block-kadence-advancedheading.kt-adv-heading3_74f320-c2[data-kb-block=\"kb-adv-heading3_74f320-c2\"] img.kb-inline-image{width:150px;vertical-align:baseline;}<\/style>\n<h2 class=\"kt-adv-heading3_74f320-c2 wp-block-kadence-advancedheading\" data-kb-block=\"kb-adv-heading3_74f320-c2\">Contact<\/h2>\n\n\n\n<p>Si vous avez des questions, des pr\u00e9occupations ou des demandes concernant cette politique de confidentialit\u00e9 ou la mani\u00e8re dont nous traitons vos donn\u00e9es personnelles, n&rsquo;h\u00e9sitez pas \u00e0 nous contacter :<\/p>\n\n\n\n<ul class=\"wp-block-list\">\n<li><strong>Adresse e-mail<\/strong>&nbsp;: info@keyusertraining.com<\/li>\n\n\n\n<li><strong>Adresse postale<\/strong>&nbsp;: 51 Rue de StrasbourgL-2561Luxembourg (L\u00ebtzebuerg)<\/li>\n\n\n\n<li><strong>T\u00e9l\u00e9phone<\/strong>&nbsp;: 0032 498 154137<\/li>\n<\/ul>\n\n\n\n<p>Nous nous engageons \u00e0 r\u00e9pondre \u00e0 vos demandes dans les meilleurs d\u00e9lais et \u00e0 vous fournir toute l&rsquo;assistance n\u00e9cessaire pour exercer vos droits en mati\u00e8re de protection des donn\u00e9es.<\/p>\n","protected":false},"excerpt":{"rendered":"<p>Pol\u00edtica de privacidad \u00daltima actualizaci\u00f3n: 25\/02\/2025 Bienvenido al sitio web de Key User Training, su socio de confianza para la formaci\u00f3n digital en el \u00e1mbito de SAP. Damos gran importancia a la protecci\u00f3n de su privacidad y ... <a class=\"kt-excerpt-readmore\" href=\"https:\/\/keyusertraining.com\/es\/confidentialite\/\" aria-label=\"Pol\u00edtica de privacidad\">Leer m\u00e1s<\/a><\/p>","protected":false},"author":1,"featured_media":0,"parent":0,"menu_order":0,"comment_status":"closed","ping_status":"open","template":"","meta":{"_acf_changed":false,"kt_blocks_editor_width":"","_kad_blocks_custom_css":"","_kad_blocks_head_custom_js":"","_kad_blocks_body_custom_js":"","_kad_blocks_footer_custom_js":"","footnotes":""},"class_list":["post-3","page","type-page","status-publish","hentry"],"acf":[],"taxonomy_info":[],"featured_image_src_large":false,"author_info":{"display_name":"keyusertraining@gmail.com","author_link":"https:\/\/keyusertraining.com\/es\/author\/keyusertraininggmail-com\/"},"comment_info":0,"_links":{"self":[{"href":"https:\/\/keyusertraining.com\/es\/wp-json\/wp\/v2\/pages\/3","targetHints":{"allow":["GET"]}}],"collection":[{"href":"https:\/\/keyusertraining.com\/es\/wp-json\/wp\/v2\/pages"}],"about":[{"href":"https:\/\/keyusertraining.com\/es\/wp-json\/wp\/v2\/types\/page"}],"author":[{"embeddable":true,"href":"https:\/\/keyusertraining.com\/es\/wp-json\/wp\/v2\/users\/1"}],"replies":[{"embeddable":true,"href":"https:\/\/keyusertraining.com\/es\/wp-json\/wp\/v2\/comments?post=3"}],"version-history":[{"count":6,"href":"https:\/\/keyusertraining.com\/es\/wp-json\/wp\/v2\/pages\/3\/revisions"}],"predecessor-version":[{"id":7622,"href":"https:\/\/keyusertraining.com\/es\/wp-json\/wp\/v2\/pages\/3\/revisions\/7622"}],"wp:attachment":[{"href":"https:\/\/keyusertraining.com\/es\/wp-json\/wp\/v2\/media?parent=3"}],"curies":[{"name":"wp","href":"https:\/\/api.w.org\/{rel}","templated":true}]}}